{"id":684,"date":"2018-06-04T15:04:21","date_gmt":"2018-06-04T15:04:21","guid":{"rendered":"http:\/\/bolge.elated-themes.com\/?page_id=684"},"modified":"2026-03-17T18:12:58","modified_gmt":"2026-03-17T17:12:58","slug":"contact","status":"publish","type":"page","link":"https:\/\/aurorenivet.com\/index.php\/contact\/","title":{"rendered":"Contact"},"content":{"rendered":"<p>[vc_row][vc_column][\/vc_column][\/vc_row][vc_row content_placement=\u00a0\u00bbtop\u00a0\u00bb row_content_width=\u00a0\u00bbgrid\u00a0\u00bb css=\u00a0\u00bb.vc_custom_1528453764507{padding-top: 120px !important;padding-bottom: 120px !important;}\u00a0\u00bb][vc_column offset=\u00a0\u00bbvc_col-lg-6 vc_col-md-12&Prime;]<div class=\"eltdf-elements-holder   eltdf-one-column  eltdf-responsive-mode-768 \" ><div class=\"eltdf-eh-item eltd-custom-contact-form-link   \"  data-item-class=\"eltdf-eh-custom-8140\" data-1367-1600=\"0 12% 0 0\" data-1025-1366=\"0 12% 0 0\" data-769-1024=\"0 0 6.5% 0\" data-681-768=\"0 0 10% 0\" data-680=\"0 0 20% 0\">\n\t<div class=\"eltdf-eh-item-inner\">\n\t\t<div class=\"eltdf-eh-item-content eltdf-eh-custom-8140\" style=\"padding: 0 12% 0 0\">\n\t\t\t[vc_single_image image=\u00a0\u00bb4021&Prime; img_size=\u00a0\u00bbmedium\u00a0\u00bb alignment=\u00a0\u00bbcenter\u00a0\u00bb]<div class=\"eltdf-section-title-holder  eltdf-st-standard eltdf-st-title-left eltdf-st-normal-space \" style=\"text-align: center\">\n\t<div class=\"eltdf-st-inner\">\n\t\t\t\t\t<h3 class=\"eltdf-st-title\" >\n\t\t\t\tContactez-moi\t\t\t<\/h3>\n\t\t\t\t\t<\/div>\n<\/div>[vc_column_text]<\/p>\n<h5 style=\"text-align: center;\">Un projet d\u2019illustration en t\u00eate? Une question?<\/h5>\n<h5 style=\"text-align: center;\">Parlons-en !<\/h5>\n<p>[\/vc_column_text][vc_empty_space height=\u00a0\u00bb30px\u00a0\u00bb][vc_column_text]<\/p>\n<h6 style=\"text-align: center;\">Suite \u00e0 de nombreuses demandes, je tiens \u00e0 vous informer que je ne re\u00e7ois pas de stagiaires ni d&rsquo;alternant(e)s, merci de votre compr\u00e9hension.<\/h6>\n<p>[\/vc_column_text][vc_empty_space height=\u00a0\u00bb9px\u00a0\u00bb]\t\t<\/div>\n\t<\/div>\n<\/div><\/div>[\/vc_column][vc_column offset=\u00a0\u00bbvc_col-lg-6 vc_col-md-12&Prime;]<div class=\"wpforms-container wpforms-container-full\" id=\"wpforms-3142\"><form id=\"wpforms-form-3142\" class=\"wpforms-validate wpforms-form\" data-formid=\"3142\" method=\"post\" enctype=\"multipart\/form-data\" action=\"\/index.php\/wp-json\/wp\/v2\/pages\/684\" data-token=\"c31f20238f1890818d5497f738f5334c\" data-token-time=\"1776654623\"><noscript class=\"wpforms-error-noscript\">Veuillez activer JavaScript dans votre navigateur pour remplir ce formulaire.<\/noscript><div class=\"wpforms-field-container\"><div id=\"wpforms-3142-field_0-container\" class=\"wpforms-field wpforms-field-name\" data-field-id=\"0\"><label class=\"wpforms-field-label\" for=\"wpforms-3142-field_0\">Nom ou Raison sociale <span class=\"wpforms-required-label\">*<\/span><\/label><input type=\"text\" id=\"wpforms-3142-field_0\" class=\"wpforms-field-medium wpforms-field-required\" name=\"wpforms[fields][0]\" required><\/div><div id=\"wpforms-3142-field_1-container\" class=\"wpforms-field wpforms-field-email\" data-field-id=\"1\"><label class=\"wpforms-field-label\" for=\"wpforms-3142-field_1\">E-mail <span class=\"wpforms-required-label\">*<\/span><\/label><input type=\"email\" id=\"wpforms-3142-field_1\" class=\"wpforms-field-medium wpforms-field-required\" name=\"wpforms[fields][1]\" spellcheck=\"false\" required><\/div><div id=\"wpforms-3142-field_5-container\" class=\"wpforms-field wpforms-field-checkbox wpforms-list-inline\" data-field-id=\"5\"><label class=\"wpforms-field-label\">Je suis <span class=\"wpforms-required-label\">*<\/span><\/label><ul id=\"wpforms-3142-field_5\" class=\"wpforms-field-required\" data-choice-limit=\"1\"><li class=\"choice-2 depth-1\"><input type=\"checkbox\" id=\"wpforms-3142-field_5_2\" data-rule-check-limit=\"true\" name=\"wpforms[fields][5][]\" value=\"Un(e) professionnel(le)\" required ><label class=\"wpforms-field-label-inline\" for=\"wpforms-3142-field_5_2\">Un(e) professionnel(le)<\/label><\/li><li class=\"choice-3 depth-1\"><input type=\"checkbox\" id=\"wpforms-3142-field_5_3\" data-rule-check-limit=\"true\" name=\"wpforms[fields][5][]\" value=\"Un(e) particulier(e)\" required ><label class=\"wpforms-field-label-inline\" for=\"wpforms-3142-field_5_3\">Un(e) particulier(e)<\/label><\/li><li class=\"choice-1 depth-1\"><input type=\"checkbox\" id=\"wpforms-3142-field_5_1\" data-rule-check-limit=\"true\" name=\"wpforms[fields][5][]\" value=\"Un(e) \u00e9tudiant(e)\" required ><label class=\"wpforms-field-label-inline\" for=\"wpforms-3142-field_5_1\">Un(e) \u00e9tudiant(e)<\/label><\/li><\/ul><\/div><div id=\"wpforms-3142-field_2-container\" class=\"wpforms-field wpforms-field-textarea\" data-field-id=\"2\"><label class=\"wpforms-field-label\" for=\"wpforms-3142-field_2\">Votre projet <span class=\"wpforms-required-label\">*<\/span><\/label><textarea id=\"wpforms-3142-field_2\" class=\"wpforms-field-medium wpforms-field-required\" name=\"wpforms[fields][2]\" required><\/textarea><\/div><\/div><!-- .wpforms-field-container --><div class=\"wpforms-recaptcha-container wpforms-is-recaptcha wpforms-is-recaptcha-type-v2\" ><div class=\"g-recaptcha\" data-sitekey=\"6LfbH1saAAAAAJ9rqkA2OUd4KE3LQjpUmExue0hL\"><\/div><input type=\"text\" name=\"g-recaptcha-hidden\" class=\"wpforms-recaptcha-hidden\" style=\"position:absolute!important;clip:rect(0,0,0,0)!important;height:1px!important;width:1px!important;border:0!important;overflow:hidden!important;padding:0!important;margin:0!important;\" data-rule-recaptcha=\"1\"><\/div><div class=\"wpforms-submit-container\" ><input type=\"hidden\" name=\"wpforms[id]\" value=\"3142\"><input type=\"hidden\" name=\"page_title\" value=\"\"><input type=\"hidden\" name=\"page_url\" value=\"https:\/\/aurorenivet.com\/index.php\/wp-json\/wp\/v2\/pages\/684\"><input type=\"hidden\" name=\"url_referer\" value=\"\"><button type=\"submit\" name=\"wpforms[submit]\" id=\"wpforms-submit-3142\" class=\"wpforms-submit\" data-alt-text=\"Envoi...\" data-submit-text=\"Envoyer\" aria-live=\"assertive\" value=\"wpforms-submit\">Envoyer<\/button><\/div><\/form><\/div>  <!-- .wpforms-container -->[\/vc_column][\/vc_row]<\/p>\n","protected":false},"excerpt":{"rendered":"<p>[vc_row][vc_column][\/vc_column][\/vc_row][vc_row content_placement=\u00a0\u00bbtop\u00a0\u00bb row_content_width=\u00a0\u00bbgrid\u00a0\u00bb css=\u00a0\u00bb.vc_custom_1528453764507{padding-top: 120px !important;padding-bottom: 120px !important;}\u00a0\u00bb][vc_column offset=\u00a0\u00bbvc_col-lg-6 vc_col-md-12&Prime;][\/vc_column][vc_column offset=\u00a0\u00bbvc_col-lg-6 vc_col-md-12&Prime;][\/vc_column][\/vc_row]<\/p>\n","protected":false},"author":1,"featured_media":0,"parent":0,"menu_order":0,"comment_status":"closed","ping_status":"closed","template":"full-width.php","meta":{"om_disable_all_campaigns":false,"_monsterinsights_skip_tracking":false,"_monsterinsights_sitenote_active":false,"_monsterinsights_sitenote_note":"","_monsterinsights_sitenote_category":0,"footnotes":""},"class_list":["post-684","page","type-page","status-publish","hentry"],"aioseo_notices":[],"jetpack_sharing_enabled":true,"_links":{"self":[{"href":"https:\/\/aurorenivet.com\/index.php\/wp-json\/wp\/v2\/pages\/684","targetHints":{"allow":["GET"]}}],"collection":[{"href":"https:\/\/aurorenivet.com\/index.php\/wp-json\/wp\/v2\/pages"}],"about":[{"href":"https:\/\/aurorenivet.com\/index.php\/wp-json\/wp\/v2\/types\/page"}],"author":[{"embeddable":true,"href":"https:\/\/aurorenivet.com\/index.php\/wp-json\/wp\/v2\/users\/1"}],"replies":[{"embeddable":true,"href":"https:\/\/aurorenivet.com\/index.php\/wp-json\/wp\/v2\/comments?post=684"}],"version-history":[{"count":14,"href":"https:\/\/aurorenivet.com\/index.php\/wp-json\/wp\/v2\/pages\/684\/revisions"}],"predecessor-version":[{"id":4022,"href":"https:\/\/aurorenivet.com\/index.php\/wp-json\/wp\/v2\/pages\/684\/revisions\/4022"}],"wp:attachment":[{"href":"https:\/\/aurorenivet.com\/index.php\/wp-json\/wp\/v2\/media?parent=684"}],"curies":[{"name":"wp","href":"https:\/\/api.w.org\/{rel}","templated":true}]}}