{"id":2878,"date":"2021-02-12T17:46:03","date_gmt":"2021-02-12T16:46:03","guid":{"rendered":"http:\/\/aurorenivet.com\/?page_id=2878"},"modified":"2023-02-06T12:56:36","modified_gmt":"2023-02-06T11:56:36","slug":"mentions-legales","status":"publish","type":"page","link":"https:\/\/aurorenivet.com\/index.php\/mentions-legales\/","title":{"rendered":"Mentions L\u00e9gales"},"content":{"rendered":"<p>[vc_row row_content_width=\u00a0\u00bbgrid\u00a0\u00bb css=\u00a0\u00bb.vc_custom_1529070235216{padding-top: 120px !important;padding-bottom: 120px !important;}\u00a0\u00bb][vc_column][vc_column_text]<\/p>\n<h2>Mentions L\u00e9gales<\/h2>\n<p>&nbsp;<\/p>\n<h3>1. Pr\u00e9sentation du site.<\/h3>\n<p>En vertu de l\u2019article 6 de la loi n\u00b0 2004-575 du 21 juin 2004 pour la confiance dans l\u2019\u00e9conomie num\u00e9rique, il est pr\u00e9cis\u00e9 aux utilisateurs du site <a href=\"https:\/\/aurorenivet.com\">https:\/\/aurorenivet.com<\/a> l\u2019identit\u00e9 des diff\u00e9rents intervenants dans le cadre de sa r\u00e9alisation et de son suivi :<\/p>\n<p><strong>Propri\u00e9taire<\/strong> : Aurore Nivet EI \u2013 Siren n\u00b0 843 993 171\u00a0 \u2013 13 rue Augustin Daureau, 33360 Carignan-De-Bordeaux France<\/p>\n<p><strong>Cr\u00e9ateur du site <a href=\"https:\/\/aurorenivet.com\">https:\/\/aurorenivet.com<\/a><\/strong> : Aurore Nivet<\/p>\n<p><strong>Responsable publication<\/strong> : Aurore Nivet \u2013 contact@aurorenivet.com<\/p>\n<p>Le responsable publication est une personne physique ou une personne morale.<\/p>\n<p><strong>H\u00e9bergeur<\/strong> : OVH \u2013 2 rue Kellermann \u2013 59100 Roubaix \u2013 France.<\/p>\n<p>&nbsp;<\/p>\n<h3>2. Conditions g\u00e9n\u00e9rales d\u2019utilisation du site et des services propos\u00e9s.<\/h3>\n<p>L\u2019utilisation du site <a href=\"https:\/\/aurorenivet.com\">https:\/\/aurorenivet.com<\/a> \u00a0implique l\u2019acceptation pleine et enti\u00e8re des conditions g\u00e9n\u00e9rales d\u2019utilisation ci-apr\u00e8s d\u00e9crites. Ces conditions d\u2019utilisation sont susceptibles d\u2019\u00eatre modifi\u00e9es ou compl\u00e9t\u00e9es \u00e0 tout moment, les utilisateurs du site <a href=\"https:\/\/aurorenivet.com\">https:\/\/aurorenivet.com<\/a> sont donc invit\u00e9s \u00e0 les consulter de mani\u00e8re r\u00e9guli\u00e8re.<\/p>\n<p>Ce site est normalement accessible \u00e0 tout moment aux utilisateurs. Une interruption pour raison de maintenance technique peut \u00eatre toutefois d\u00e9cid\u00e9e par Aurore Nivet, qui s\u2019efforcera alors de communiquer pr\u00e9alablement aux utilisateurs les dates et heures de l\u2019intervention.<\/p>\n<p>Le site <a href=\"https:\/\/aurorenivet.com\">https:\/\/aurorenivet.com<\/a> est mis \u00e0 jour r\u00e9guli\u00e8rement par Aurore Nivet. De la m\u00eame fa\u00e7on, les mentions l\u00e9gales peuvent \u00eatre modifi\u00e9es \u00e0 tout moment : elles s\u2019imposent n\u00e9anmoins \u00e0 l\u2019utilisateur qui est invit\u00e9 \u00e0 s\u2019y r\u00e9f\u00e9rer le plus souvent possible afin d\u2019en prendre connaissance.<\/p>\n<p>&nbsp;<\/p>\n<h3>3. Description des services fournis.<\/h3>\n<p>Le site <a href=\"https:\/\/aurorenivet.com\">https:\/\/aurorenivet.com<\/a> a pour objet de fournir une information concernant l\u2019ensemble des activit\u00e9s de la soci\u00e9t\u00e9.<\/p>\n<p>Aurore Nivet s\u2019efforce de fournir sur le site <a href=\"https:\/\/aurorenivet.com\">https:\/\/aurorenivet.com<\/a> des informations aussi pr\u00e9cises que possible. Toutefois, elle ne pourra \u00eatre tenue responsable des omissions, des inexactitudes et des carences dans la mise \u00e0 jour, qu\u2019elles soient de son fait ou du fait des tiers partenaires qui lui fournissent ces informations.<\/p>\n<p>Toutes les informations indiqu\u00e9es sur le site <a href=\"https:\/\/aurorenivet.com\">https:\/\/aurorenivet.com<\/a> sont donn\u00e9es \u00e0 titre indicatif, et sont susceptibles d\u2019\u00e9voluer. Par ailleurs, les renseignements figurant sur le site <a href=\"https:\/\/aurorenivet.com\">https:\/\/aurorenivet.com<\/a> ne sont pas exhaustifs. Ils sont donn\u00e9s sous r\u00e9serve de modifications ayant \u00e9t\u00e9 apport\u00e9es depuis leur mise en ligne.<\/p>\n<p>&nbsp;<\/p>\n<h3>4. Limitations contractuelles sur les donn\u00e9es techniques.<\/h3>\n<p>Le site utilise la technologie JavaScript.<\/p>\n<p>Le site Internet ne pourra \u00eatre tenu responsable de dommages mat\u00e9riels li\u00e9s \u00e0 l\u2019utilisation du site. De plus, l\u2019utilisateur du site s\u2019engage \u00e0 acc\u00e9der au site en utilisant un mat\u00e9riel r\u00e9cent, ne contenant pas de virus et avec un navigateur de derni\u00e8re g\u00e9n\u00e9ration mis-\u00e0-jour.<\/p>\n<p>L\u2019objectif est d\u2019apporter une prestation qui assure le meilleur taux d\u2019accessibilit\u00e9. L\u2019h\u00e9bergeur assure la continuit\u00e9 de son service 24 Heures sur 24, tous les jours de l\u2019ann\u00e9e. Il se r\u00e9serve n\u00e9anmoins la possibilit\u00e9 d\u2019interrompre le service d\u2019h\u00e9bergement pour les dur\u00e9es les plus courtes possibles notamment \u00e0 des fins de maintenance, d\u2019am\u00e9lioration de ses infrastructures, de d\u00e9faillance de ses infrastructures ou si les Prestations et Services g\u00e9n\u00e8rent un trafic r\u00e9put\u00e9 anormal.<\/p>\n<p>Aurore Nivet et l\u2019h\u00e9bergeur ne pourront \u00eatre tenus responsables en cas de dysfonctionnement du r\u00e9seau Internet, des lignes t\u00e9l\u00e9phoniques ou du mat\u00e9riel informatique et de t\u00e9l\u00e9phone li\u00e9 notamment \u00e0 l\u2019encombrement du r\u00e9seau emp\u00eachant l\u2019acc\u00e8s au serveur.<\/p>\n<p>&nbsp;<\/p>\n<h3>5. Propri\u00e9t\u00e9 intellectuelle et contrefa\u00e7ons.<\/h3>\n<p>Aurore Nivet est propri\u00e9taire des droits de propri\u00e9t\u00e9 intellectuelle et d\u00e9tient les droits d\u2019usage sur tous les \u00e9l\u00e9ments accessibles sur le site internet, notamment les textes, images, graphismes, logos, illustrations, ic\u00f4nes, produits num\u00e9riques et sons sauf indication contraire.<\/p>\n<p>Toute reproduction, repr\u00e9sentation, modification, publication, adaptation de tout ou partie des \u00e9l\u00e9ments du site, quel que soit le moyen ou le proc\u00e9d\u00e9 utilis\u00e9, est interdite, sauf autorisation \u00e9crite pr\u00e9alable de : Aurore Nivet.<\/p>\n<p>Toute exploitation non autoris\u00e9e du site ou de l\u2019un quelconque des \u00e9l\u00e9ments qu\u2019il contient sera consid\u00e9r\u00e9e comme constitutive d\u2019une contrefa\u00e7on et poursuivie conform\u00e9ment aux dispositions des articles L.335-2 et suivants du Code de Propri\u00e9t\u00e9 Intellectuelle.<\/p>\n<p>&nbsp;<\/p>\n<h3>6. Limitations de responsabilit\u00e9.<\/h3>\n<p>Aurore Nivet agit en tant qu\u2019\u00e9diteur du site. Elle est responsable de la qualit\u00e9 et de la v\u00e9racit\u00e9 du contenu qu\u2019elle publie.<\/p>\n<p>Aurore Nivet ne pourra \u00eatre tenu responsable des dommages directs et indirects caus\u00e9s au mat\u00e9riel de l\u2019utilisateur, lors de l\u2019acc\u00e8s au site internet <a href=\"https:\/\/aurorenivet.com\">https:\/\/aurorenivet.com<\/a>, et r\u00e9sultant soit de l\u2019utilisation d\u2019un mat\u00e9riel ne r\u00e9pondant pas aux sp\u00e9cifications indiqu\u00e9es au point 4, soit de l\u2019apparition d\u2019un bug ou d\u2019une incompatibilit\u00e9.<\/p>\n<p>Des espaces interactifs (possibilit\u00e9 de poser des questions dans l\u2019espace contact) sont \u00e0 la disposition des utilisateurs. Aurore Nivet se r\u00e9serve le droit de supprimer, sans mise en demeure pr\u00e9alable, tout contenu d\u00e9pos\u00e9 dans cet espace qui contreviendrait \u00e0 la l\u00e9gislation applicable en France, en particulier aux dispositions relatives \u00e0 la protection des donn\u00e9es. Le cas \u00e9ch\u00e9ant, Aurore Nivet se r\u00e9serve \u00e9galement la possibilit\u00e9 de mettre en cause la responsabilit\u00e9 civile et\/ou p\u00e9nale de l\u2019utilisateur, notamment en cas de message \u00e0 caract\u00e8re raciste, injurieux, diffamant, ou pornographique, quel que soit le support utilis\u00e9 (texte, photographie \u2026).<\/p>\n<p>&nbsp;<\/p>\n<h3>7. Gestion des donn\u00e9es personnelles.<\/h3>\n<p>En France, les donn\u00e9es personnelles sont notamment prot\u00e9g\u00e9es par la loi n\u00b0 78-87 du 6 janvier 1978, la loi n\u00b0 2004-801 du 6 ao\u00fbt 2004, l\u2019article L. 226-13 du Code p\u00e9nal et la Directive Europ\u00e9enne du 24 octobre 1995.<\/p>\n<p>&nbsp;<\/p>\n<h4>7.1 Responsabilit\u00e9 de la collecte des donn\u00e9es personnelles<\/h4>\n<p>En tant que responsable du traitement des donn\u00e9es qu\u2019elle collecte, Aurore Nivet s\u2019engage \u00e0 respecter le cadre des dispositions l\u00e9gales en vigueur. Il appartient notamment au Client d\u2019\u00e9tablir les finalit\u00e9s de ses traitements de donn\u00e9es, de fournir \u00e0 ses prospects et clients, \u00e0 partir de la collecte de leurs consentements, une information compl\u00e8te sur le traitement de leurs donn\u00e9es personnelles et de maintenir un registre des traitements conforme \u00e0 la r\u00e9alit\u00e9.<\/p>\n<p>Chaque fois que le site <a href=\"https:\/\/aurorenivet.com\">https:\/\/aurorenivet.com<\/a> traite des Donn\u00e9es Personnelles, Aurore Nivet prend toutes les mesures raisonnables pour s\u2019assurer de l\u2019exactitude et de la pertinence des Donn\u00e9es Personnelles au regard des finalit\u00e9s pour lesquelles Aurore Nivet les traite.<\/p>\n<p>&nbsp;<\/p>\n<h4>7.2 Finalit\u00e9 des donn\u00e9es collect\u00e9es<\/h4>\n<p>\u00c0 l\u2019occasion de l\u2019utilisation du site <a href=\"https:\/\/aurorenivet.com\">https:\/\/aurorenivet.com<\/a>, des donn\u00e9es peuvent \u00eatre recueillies.<\/p>\n<p>Aurore Nivet est susceptible de traiter les donn\u00e9es afin de pr\u00e9venir et lutter contre la fraude informatique (spamming, hacking\u2026) : mat\u00e9riel informatique utilis\u00e9 pour la navigation, l\u2019adresse IP, le mot de passe (hash\u00e9). Elles sont aussi utilis\u00e9es dans le but de recontacter l\u2019Utilisateur dans le cadre de sa demande dans la fiche contact.<\/p>\n<p>Les donn\u00e9es \u00ab web analytics \u00bb sont collect\u00e9es de forme anonyme (en enregistrant des adresses IP anonymes) par Google Analytics, et permettent de mesurer l&rsquo;audience du site web, les consultations et les \u00e9ventuelles erreurs afin d\u2019am\u00e9liorer l\u2019exp\u00e9rience des utilisateurs.<\/p>\n<p>Aurore Nivet, responsable du traitement des donn\u00e9es, ne commercialise pas les donn\u00e9es personnelles de l\u2019Utilisateur, et ne seront jamais c\u00e9d\u00e9es \u00e0 un tiers ni utilis\u00e9es \u00e0 d\u2019autres fins que celles d\u00e9taill\u00e9es ci-dessus.<\/p>\n<p>&nbsp;<\/p>\n<h3>8. Cookies<\/h3>\n<p>Un \u00ab cookie \u00bb est un petit fichier d\u2019information envoy\u00e9 sur le navigateur de l\u2019Utilisateur et enregistr\u00e9 au sein du terminal de l\u2019Utilisateur (ex : ordinateur, smartphone), (ci-apr\u00e8s \u00ab Cookies \u00bb). Ce fichier comprend des informations telles que le nom de domaine de l\u2019Utilisateur, le fournisseur d\u2019acc\u00e8s Internet de l\u2019Utilisateur, le syst\u00e8me d\u2019exploitation de l\u2019Utilisateur, ainsi que la date et l\u2019heure d\u2019acc\u00e8s. Les Cookies ne risquent en aucun cas d\u2019endommager le terminal de l\u2019Utilisateur.<\/p>\n<p>Le site <a href=\"https:\/\/aurorenivet.com\">https:\/\/aurorenivet.com<\/a> est susceptible de traiter les informations de l\u2019Utilisateur concernant sa visite du Site, telles que les pages consult\u00e9es, les recherches effectu\u00e9es. Ces informations permettent \u00e0 Aurore Nivet d\u2019am\u00e9liorer le contenu du Site, de la navigation de l\u2019Utilisateur.<\/p>\n<p>Les Cookies facilitant la navigation et\/ou la fourniture des services propos\u00e9s par le Site, l\u2019Utilisateur peut configurer son navigateur pour qu\u2019il lui permette de d\u00e9cider s\u2019il souhaite ou non les accepter de mani\u00e8re \u00e0 ce que des Cookies soient enregistr\u00e9s dans le terminal ou, au contraire, qu\u2019ils soient rejet\u00e9s, soit syst\u00e9matiquement, soit selon leur \u00e9metteur. L\u2019Utilisateur peut \u00e9galement configurer son logiciel de navigation de mani\u00e8re \u00e0 ce que l\u2019acceptation ou le refus des Cookies lui soient propos\u00e9s ponctuellement, avant qu\u2019un Cookie soit susceptible d\u2019\u00eatre enregistr\u00e9 dans son terminal. Aurore Nivet informe l\u2019Utilisateur que, dans ce cas, il se peut que les fonctionnalit\u00e9s de son logiciel de navigation ne soient pas toutes disponibles.<\/p>\n<p>Si l\u2019Utilisateur refuse l\u2019enregistrement de Cookies dans son terminal ou son navigateur, ou si l\u2019Utilisateur supprime ceux qui y sont enregistr\u00e9s, l\u2019Utilisateur est inform\u00e9 que sa navigation et son exp\u00e9rience sur le Site peuvent \u00eatre limit\u00e9es. Cela pourrait \u00e9galement \u00eatre le cas lorsque le site <a href=\"https:\/\/aurorenivet.com\">https:\/\/aurorenivet.com<\/a> ne peut pas reconna\u00eetre, \u00e0 des fins de compatibilit\u00e9 technique, le type de navigateur utilis\u00e9 par le terminal, les param\u00e8tres de langue et d\u2019affichage ou le pays depuis lequel le terminal semble connect\u00e9 \u00e0 Internet.<\/p>\n<p>Enfin, en cliquant sur les ic\u00f4nes d\u00e9di\u00e9es aux r\u00e9seaux sociaux Instagram, Facebook, LinkedIn et Behance figurant sur le site <a href=\"https:\/\/aurorenivet.com\">https:\/\/aurorenivet.com<\/a> et si l\u2019Utilisateur a accept\u00e9 le d\u00e9p\u00f4t de cookies en poursuivant sa navigation sur le site <a href=\"https:\/\/aurorenivet.com\">https:\/\/aurorenivet.com<\/a>, Instagram, Facebook, LinkedIn et Behance peuvent \u00e9galement d\u00e9poser des cookies sur vos terminaux (ordinateur, tablette, t\u00e9l\u00e9phone portable).<\/p>\n<p>Ces types de cookies ne sont d\u00e9pos\u00e9s sur vos terminaux qu\u2019\u00e0 condition que vous y consentiez, en continuant votre navigation sur le Site Internet. \u00c0 tout moment, l\u2019Utilisateur peut n\u00e9anmoins revenir sur son consentement \u00e0 ce que le site <a href=\"https:\/\/aurorenivet.com\">https:\/\/aurorenivet.com<\/a> d\u00e9pose ce type de cookies.<\/p>\n<p>&nbsp;<\/p>\n<h3>9. Droit applicable et attribution de juridiction.<\/h3>\n<p>Tout litige en relation avec l\u2019utilisation du site <a href=\"https:\/\/aurorenivet.com\">https:\/\/aurorenivet.com<\/a> est soumis au droit fran\u00e7ais. Il est fait attribution exclusive de juridiction aux tribunaux comp\u00e9tents de Paris.[\/vc_column_text][\/vc_column][\/vc_row]<\/p>\n","protected":false},"excerpt":{"rendered":"<p>[vc_row row_content_width=\u00a0\u00bbgrid\u00a0\u00bb css=\u00a0\u00bb.vc_custom_1529070235216{padding-top: 120px !important;padding-bottom: 120px !important;}\u00a0\u00bb][vc_column][vc_column_text] Mentions L\u00e9gales &nbsp; 1. Pr\u00e9sentation du site. En vertu de l\u2019article 6 de la loi n\u00b0 2004-575 du 21 juin 2004 pour la confiance dans l\u2019\u00e9conomie num\u00e9rique, il est pr\u00e9cis\u00e9 aux utilisateurs du site [&hellip;]<\/p>\n","protected":false},"author":1,"featured_media":0,"parent":0,"menu_order":0,"comment_status":"closed","ping_status":"closed","template":"full-width.php","meta":{"om_disable_all_campaigns":false,"_monsterinsights_skip_tracking":false,"_monsterinsights_sitenote_active":false,"_monsterinsights_sitenote_note":"","_monsterinsights_sitenote_category":0,"footnotes":""},"class_list":["post-2878","page","type-page","status-publish","hentry"],"aioseo_notices":[],"jetpack_sharing_enabled":true,"_links":{"self":[{"href":"https:\/\/aurorenivet.com\/index.php\/wp-json\/wp\/v2\/pages\/2878","targetHints":{"allow":["GET"]}}],"collection":[{"href":"https:\/\/aurorenivet.com\/index.php\/wp-json\/wp\/v2\/pages"}],"about":[{"href":"https:\/\/aurorenivet.com\/index.php\/wp-json\/wp\/v2\/types\/page"}],"author":[{"embeddable":true,"href":"https:\/\/aurorenivet.com\/index.php\/wp-json\/wp\/v2\/users\/1"}],"replies":[{"embeddable":true,"href":"https:\/\/aurorenivet.com\/index.php\/wp-json\/wp\/v2\/comments?post=2878"}],"version-history":[{"count":5,"href":"https:\/\/aurorenivet.com\/index.php\/wp-json\/wp\/v2\/pages\/2878\/revisions"}],"predecessor-version":[{"id":3903,"href":"https:\/\/aurorenivet.com\/index.php\/wp-json\/wp\/v2\/pages\/2878\/revisions\/3903"}],"wp:attachment":[{"href":"https:\/\/aurorenivet.com\/index.php\/wp-json\/wp\/v2\/media?parent=2878"}],"curies":[{"name":"wp","href":"https:\/\/api.w.org\/{rel}","templated":true}]}}